{"id":9,"date":"2014-08-19T03:38:31","date_gmt":"2014-08-19T03:38:31","guid":{"rendered":"http:\/\/doctorneira.cl\/?page_id=9"},"modified":"2014-09-14T05:02:39","modified_gmt":"2014-09-14T05:02:39","slug":"inicio","status":"publish","type":"page","link":"https:\/\/doctorneira.cl\/?page_id=9","title":{"rendered":"Especialidades"},"content":{"rendered":"<p>&nbsp;<\/p>\n<p><strong>Odontolog\u00eda\u00a0General<\/strong><\/p>\n<p><a href=\"https:\/\/doctorneira.cl\/?page_id=14 \"><img loading=\"lazy\" class=\"alignnone size-medium wp-image-52\" src=\"https:\/\/doctorneira.cl\/wp-content\/uploads\/2014\/08\/generaldentistry-300x199.jpg\" alt=\"generaldentistry\" width=\"300\" height=\"199\" srcset=\"https:\/\/doctorneira.cl\/wp-content\/uploads\/2014\/08\/generaldentistry-300x199.jpg 300w, https:\/\/doctorneira.cl\/wp-content\/uploads\/2014\/08\/generaldentistry-480x320.jpg 480w, https:\/\/doctorneira.cl\/wp-content\/uploads\/2014\/08\/generaldentistry-320x213.jpg 320w, https:\/\/doctorneira.cl\/wp-content\/uploads\/2014\/08\/generaldentistry-240x160.jpg 240w, https:\/\/doctorneira.cl\/wp-content\/uploads\/2014\/08\/generaldentistry.jpg 682w\" sizes=\"(max-width: 300px) 100vw, 300px\" \/><\/a><\/p>\n<p><span style=\"color: #717070;\">Tambi\u00e9n llamada operatoria dental, Es qui\u00e9n se ocupa de la restauraci\u00f3n del tejido del diente afectado\u00a0por caries, fracturas o desgastes. Con materiales adhesivos amalgamas y resinas.<\/span><\/p>\n<p>&nbsp;<\/p>\n<p><strong>\u00a0Endodoncia\u00a0<\/strong><\/p>\n<p><a href=\"https:\/\/doctorneira.cl\/?page_id=61\"><img loading=\"lazy\" class=\"alignnone size-medium wp-image-59\" src=\"https:\/\/doctorneira.cl\/wp-content\/uploads\/2014\/08\/que-es-la-endodoncia-225x300.jpg\" alt=\"que-es-la-endodoncia\" width=\"225\" height=\"300\" srcset=\"https:\/\/doctorneira.cl\/wp-content\/uploads\/2014\/08\/que-es-la-endodoncia-225x300.jpg 225w, https:\/\/doctorneira.cl\/wp-content\/uploads\/2014\/08\/que-es-la-endodoncia.jpg 263w\" sizes=\"(max-width: 225px) 100vw, 225px\" \/><\/a><\/p>\n<p><span style=\"color: #717070;\">Es toda maniobra realizada\u00a0sobre el complejo vasculonervioso de un \u00f3rgano dentado.<\/span><br style=\"color: #717070;\" \/><span style=\"color: #717070;\">Se perfora la pieza dental afectada\u00a0y se extirpa la pulpa.<\/span><br style=\"color: #717070;\" \/><span style=\"color: #717070;\">Despu\u00e9s se limpia , agranda y moldea la c\u00e1mara pulpar y los conductos de la ra\u00edz dental, para luego proceder a su llenado.<\/span><\/p>\n<p>&nbsp;<\/p>\n<p><strong>Periodoncia<\/strong><\/p>\n<p><a href=\"https:\/\/doctorneira.cl\/?page_id=67\"><img loading=\"lazy\" class=\"alignnone size-medium wp-image-65\" src=\"https:\/\/doctorneira.cl\/wp-content\/uploads\/2014\/08\/periodoncia-300x207.jpg\" alt=\"periodoncia\" width=\"300\" height=\"207\" srcset=\"https:\/\/doctorneira.cl\/wp-content\/uploads\/2014\/08\/periodoncia-300x207.jpg 300w, https:\/\/doctorneira.cl\/wp-content\/uploads\/2014\/08\/periodoncia.jpg 378w\" sizes=\"(max-width: 300px) 100vw, 300px\" \/><\/a><\/p>\n<p><span style=\"color: #717070;\">Este t\u00e9rmino se refiere al tratamiento de todos los problemas de las enc\u00edas y el hueso que sostiene los dientes. Cada diente esta enclavado en el hueso, unido fuertemente por una suerte de estructuras que garantizan su fortaleza y correcto funcionamiento.<\/span><\/p>\n<p><strong>Rehabilitacion Oral<\/strong><\/p>\n<p><a href=\"https:\/\/doctorneira.cl\/?page_id=71\"><img loading=\"lazy\" class=\"alignnone size-medium wp-image-34\" src=\"https:\/\/doctorneira.cl\/wp-content\/uploads\/2014\/08\/dentist-300x150.jpg\" alt=\"dentist\" width=\"300\" height=\"150\" srcset=\"https:\/\/doctorneira.cl\/wp-content\/uploads\/2014\/08\/dentist-300x150.jpg 300w, https:\/\/doctorneira.cl\/wp-content\/uploads\/2014\/08\/dentist-1024x512.jpg 1024w, https:\/\/doctorneira.cl\/wp-content\/uploads\/2014\/08\/dentist-960x480.jpg 960w, https:\/\/doctorneira.cl\/wp-content\/uploads\/2014\/08\/dentist-480x240.jpg 480w, https:\/\/doctorneira.cl\/wp-content\/uploads\/2014\/08\/dentist-320x160.jpg 320w, https:\/\/doctorneira.cl\/wp-content\/uploads\/2014\/08\/dentist-240x120.jpg 240w, https:\/\/doctorneira.cl\/wp-content\/uploads\/2014\/08\/dentist.jpg 2000w\" sizes=\"(max-width: 300px) 100vw, 300px\" \/><\/a><\/p>\n<p><span style=\"color: #717070;\">Es la rama de la odontolologia, encargada de devolver la funci\u00f3n, la est\u00e9tica,y la armon\u00eda oral al sistema dentario maxilar y\/o facial, que se haya perdido total o parcialmente, ya sea por enfermedad o traumatismo.<\/span><\/p>\n<p>&nbsp;<\/p>\n<p><strong>Bruxismo<\/strong><\/p>\n<p><a href=\"https:\/\/doctorneira.cl\/?page_id=77 \"><img loading=\"lazy\" class=\"alignnone size-full wp-image-75\" src=\"https:\/\/doctorneira.cl\/wp-content\/uploads\/2014\/08\/bruxismo.jpg\" alt=\"Front view of young woman holding her cheek in pain\" width=\"216\" height=\"216\" srcset=\"https:\/\/doctorneira.cl\/wp-content\/uploads\/2014\/08\/bruxismo.jpg 216w, https:\/\/doctorneira.cl\/wp-content\/uploads\/2014\/08\/bruxismo-150x150.jpg 150w\" sizes=\"(max-width: 216px) 100vw, 216px\" \/><\/a><\/p>\n<p style=\"color: #000000;\"><span class=\"font_8\" style=\"color: #717070;\">El bruxismo provoca que los dientes duelan o se aflojen y llegan literalmente a pulverizarse o desmoronarse. Adem\u00e1s de destruir el hueso que soporta al diente y causar problemas de articulaci\u00f3n.<\/span><\/p>\n<p style=\"color: #000000;\"><span class=\"font_8\" style=\"color: #717070;\">Para la mayor\u00eda de las personas, el bruxismo es un h\u00e1bito inconsciente. La persona hace rechinar sus dientes mientras duerme.Estos se encontrar\u00e1n desgastados o el esmalte fracturado.<\/span><\/p>\n<p style=\"color: #000000;\"><span class=\"font_8\" style=\"color: #717070;\">El bruxismo presenta signos tales como dolor facial, de cabeza y cuello.<\/span><\/p>\n<p><strong>Est\u00e9tica Dental<\/strong><\/p>\n<p style=\"color: #000000;\"><a href=\"https:\/\/doctorneira.cl\/?page_id=82\"><img loading=\"lazy\" class=\"alignnone size-full wp-image-80\" src=\"https:\/\/doctorneira.cl\/wp-content\/uploads\/2014\/08\/Estetica.jpg\" alt=\"Estetica\" width=\"282\" height=\"282\" srcset=\"https:\/\/doctorneira.cl\/wp-content\/uploads\/2014\/08\/Estetica.jpg 282w, https:\/\/doctorneira.cl\/wp-content\/uploads\/2014\/08\/Estetica-150x150.jpg 150w, https:\/\/doctorneira.cl\/wp-content\/uploads\/2014\/08\/Estetica-240x240.jpg 240w\" sizes=\"(max-width: 282px) 100vw, 282px\" \/><\/a><\/p>\n<p><span class=\"font_8\" style=\"color: #717070;\">Por que la odontolog\u00eda tambi\u00e9n se ocupa de devolver a las personas la fisonom\u00eda adecuada y la posibilidad de sentirse con una imagen mas confortable.<\/span><\/p>\n<p>BLANQUEAMIENTOS<\/p>\n<p><strong>Operatoria<\/strong><\/p>\n<p><a href=\"https:\/\/doctorneira.cl\/?page_id=88\"><img loading=\"lazy\" class=\"alignnone size-full wp-image-86\" src=\"https:\/\/doctorneira.cl\/wp-content\/uploads\/2014\/08\/ImageServlet.jpg\" alt=\"ImageServlet\" width=\"200\" height=\"150\" \/><\/a><\/p>\n<p><span style=\"color: #666666;\">Operatoria Dental se realizan tratamientos a pacientes que presentan caries dental, traumas de sus dientes, lesiones no cariosas de los dientes, tratamientos de sensibilidades de los dientes, blanqueamiento dentario y procedimientos de prevenci\u00f3n de lesiones cariosas.<\/span><\/p>\n<p>&nbsp;<\/p>\n","protected":false},"excerpt":{"rendered":"<p>&nbsp; Odontolog\u00eda\u00a0General Tambi\u00e9n llamada operatoria dental, Es qui\u00e9n se ocupa de la restauraci\u00f3n del tejido del diente afectado\u00a0por caries, fracturas o desgastes. Con materiales adhesivos amalgamas y resinas. &nbsp; \u00a0Endodoncia\u00a0 Es toda maniobra realizada\u00a0sobre el complejo vasculonervioso de un \u00f3rgano dentado.Se perfora la pieza dental afectada\u00a0y se extirpa la pulpa.Despu\u00e9s se limpia , agranda y<\/p>\n<p><a href=\"https:\/\/doctorneira.cl\/?page_id=9\" class=\"more-link themebutton\">Read More<\/a><\/p>\n","protected":false},"author":2,"featured_media":0,"parent":0,"menu_order":2,"comment_status":"closed","ping_status":"closed","template":"","meta":[],"_links":{"self":[{"href":"https:\/\/doctorneira.cl\/index.php?rest_route=\/wp\/v2\/pages\/9"}],"collection":[{"href":"https:\/\/doctorneira.cl\/index.php?rest_route=\/wp\/v2\/pages"}],"about":[{"href":"https:\/\/doctorneira.cl\/index.php?rest_route=\/wp\/v2\/types\/page"}],"author":[{"embeddable":true,"href":"https:\/\/doctorneira.cl\/index.php?rest_route=\/wp\/v2\/users\/2"}],"replies":[{"embeddable":true,"href":"https:\/\/doctorneira.cl\/index.php?rest_route=%2Fwp%2Fv2%2Fcomments&post=9"}],"version-history":[{"count":22,"href":"https:\/\/doctorneira.cl\/index.php?rest_route=\/wp\/v2\/pages\/9\/revisions"}],"predecessor-version":[{"id":90,"href":"https:\/\/doctorneira.cl\/index.php?rest_route=\/wp\/v2\/pages\/9\/revisions\/90"}],"wp:attachment":[{"href":"https:\/\/doctorneira.cl\/index.php?rest_route=%2Fwp%2Fv2%2Fmedia&parent=9"}],"curies":[{"name":"wp","href":"https:\/\/api.w.org\/{rel}","templated":true}]}}