{"id":82,"date":"2014-09-14T04:54:25","date_gmt":"2014-09-14T04:54:25","guid":{"rendered":"http:\/\/doctorneira.cl\/?page_id=82"},"modified":"2014-09-14T05:11:28","modified_gmt":"2014-09-14T05:11:28","slug":"estetica-dental","status":"publish","type":"page","link":"https:\/\/doctorneira.cl\/?page_id=82","title":{"rendered":"Est\u00e9tica Dental"},"content":{"rendered":"<p style=\"color: #000000;\"><span class=\"font_7\" style=\"color: #717070;\">Por que la\u00a0odontolog\u00eda tambi\u00e9n se ocupa de devolver a las personas la fisonom\u00eda adecuada y la posibilidad de sentirse con una imagen mas confortable.<\/span><\/p>\n<p style=\"color: #000000;\"><span class=\"font_7\" style=\"color: #717070;\">\u200b<\/span><\/p>\n<p style=\"color: #000000;\"><span class=\"font_7\" style=\"color: #717070;\">BLANQUEAMIENTOS<\/span><\/p>\n<p style=\"color: #000000;\">\n<p style=\"color: #000000;\"><a href=\"https:\/\/doctorneira.cl\/wp-content\/uploads\/2014\/08\/Estetica.jpg\"><img loading=\"lazy\" class=\"alignnone size-full wp-image-80\" src=\"https:\/\/doctorneira.cl\/wp-content\/uploads\/2014\/08\/Estetica.jpg\" alt=\"Estetica\" width=\"282\" height=\"282\" srcset=\"https:\/\/doctorneira.cl\/wp-content\/uploads\/2014\/08\/Estetica.jpg 282w, https:\/\/doctorneira.cl\/wp-content\/uploads\/2014\/08\/Estetica-150x150.jpg 150w, https:\/\/doctorneira.cl\/wp-content\/uploads\/2014\/08\/Estetica-240x240.jpg 240w\" sizes=\"(max-width: 282px) 100vw, 282px\" \/><\/a><\/p>\n","protected":false},"excerpt":{"rendered":"<p>Por que la\u00a0odontolog\u00eda tambi\u00e9n se ocupa de devolver a las personas la fisonom\u00eda adecuada y la posibilidad de sentirse con una imagen mas confortable. \u200b BLANQUEAMIENTOS<\/p>\n","protected":false},"author":2,"featured_media":0,"parent":9,"menu_order":0,"comment_status":"closed","ping_status":"closed","template":"","meta":[],"_links":{"self":[{"href":"https:\/\/doctorneira.cl\/index.php?rest_route=\/wp\/v2\/pages\/82"}],"collection":[{"href":"https:\/\/doctorneira.cl\/index.php?rest_route=\/wp\/v2\/pages"}],"about":[{"href":"https:\/\/doctorneira.cl\/index.php?rest_route=\/wp\/v2\/types\/page"}],"author":[{"embeddable":true,"href":"https:\/\/doctorneira.cl\/index.php?rest_route=\/wp\/v2\/users\/2"}],"replies":[{"embeddable":true,"href":"https:\/\/doctorneira.cl\/index.php?rest_route=%2Fwp%2Fv2%2Fcomments&post=82"}],"version-history":[{"count":1,"href":"https:\/\/doctorneira.cl\/index.php?rest_route=\/wp\/v2\/pages\/82\/revisions"}],"predecessor-version":[{"id":83,"href":"https:\/\/doctorneira.cl\/index.php?rest_route=\/wp\/v2\/pages\/82\/revisions\/83"}],"up":[{"embeddable":true,"href":"https:\/\/doctorneira.cl\/index.php?rest_route=\/wp\/v2\/pages\/9"}],"wp:attachment":[{"href":"https:\/\/doctorneira.cl\/index.php?rest_route=%2Fwp%2Fv2%2Fmedia&parent=82"}],"curies":[{"name":"wp","href":"https:\/\/api.w.org\/{rel}","templated":true}]}}