{"id":77,"date":"2014-09-14T04:24:03","date_gmt":"2014-09-14T04:24:03","guid":{"rendered":"http:\/\/doctorneira.cl\/?page_id=77"},"modified":"2014-09-14T04:24:03","modified_gmt":"2014-09-14T04:24:03","slug":"bruxismo","status":"publish","type":"page","link":"https:\/\/doctorneira.cl\/?page_id=77","title":{"rendered":"Bruxismo"},"content":{"rendered":"<p style=\"color: #000000;\"><span class=\"font_8\" style=\"color: #717070;\">El bruxismo provoca que los dientes duelan o se aflojen y llegan literalmente a pulverizarse o desmoronarse. Adem\u00e1s de destruir el hueso que soporta al diente y causar problemas de articulaci\u00f3n.<\/span><\/p>\n<p style=\"color: #000000;\"><span class=\"font_8\" style=\"color: #717070;\">Para la mayor\u00eda de las personas, el bruxismo es un h\u00e1bito inconsciente. La persona hace rechinar sus dientes mientras duerme.Estos se encontrar\u00e1n desgastados o el esmalte fracturado.<\/span><\/p>\n<p style=\"color: #000000;\"><span class=\"font_8\" style=\"color: #717070;\">El bruxismo presenta signos tales como dolor facial, de cabeza y cuello.<\/span><\/p>\n<p style=\"color: #000000;\"><a href=\"https:\/\/doctorneira.cl\/wp-content\/uploads\/2014\/08\/bruxismo.jpg\"><img loading=\"lazy\" class=\"alignnone size-full wp-image-75\" src=\"https:\/\/doctorneira.cl\/wp-content\/uploads\/2014\/08\/bruxismo.jpg\" alt=\"Front view of young woman holding her cheek in pain\" width=\"216\" height=\"216\" srcset=\"https:\/\/doctorneira.cl\/wp-content\/uploads\/2014\/08\/bruxismo.jpg 216w, https:\/\/doctorneira.cl\/wp-content\/uploads\/2014\/08\/bruxismo-150x150.jpg 150w\" sizes=\"(max-width: 216px) 100vw, 216px\" \/><\/a><\/p>\n","protected":false},"excerpt":{"rendered":"<p>El bruxismo provoca que los dientes duelan o se aflojen y llegan literalmente a pulverizarse o desmoronarse. Adem\u00e1s de destruir el hueso que soporta al diente y causar problemas de articulaci\u00f3n. Para la mayor\u00eda de las personas, el bruxismo es un h\u00e1bito inconsciente. La persona hace rechinar sus dientes mientras duerme.Estos se encontrar\u00e1n desgastados o<\/p>\n<p><a href=\"https:\/\/doctorneira.cl\/?page_id=77\" class=\"more-link themebutton\">Read More<\/a><\/p>\n","protected":false},"author":2,"featured_media":0,"parent":9,"menu_order":0,"comment_status":"closed","ping_status":"closed","template":"","meta":[],"_links":{"self":[{"href":"https:\/\/doctorneira.cl\/index.php?rest_route=\/wp\/v2\/pages\/77"}],"collection":[{"href":"https:\/\/doctorneira.cl\/index.php?rest_route=\/wp\/v2\/pages"}],"about":[{"href":"https:\/\/doctorneira.cl\/index.php?rest_route=\/wp\/v2\/types\/page"}],"author":[{"embeddable":true,"href":"https:\/\/doctorneira.cl\/index.php?rest_route=\/wp\/v2\/users\/2"}],"replies":[{"embeddable":true,"href":"https:\/\/doctorneira.cl\/index.php?rest_route=%2Fwp%2Fv2%2Fcomments&post=77"}],"version-history":[{"count":1,"href":"https:\/\/doctorneira.cl\/index.php?rest_route=\/wp\/v2\/pages\/77\/revisions"}],"predecessor-version":[{"id":78,"href":"https:\/\/doctorneira.cl\/index.php?rest_route=\/wp\/v2\/pages\/77\/revisions\/78"}],"up":[{"embeddable":true,"href":"https:\/\/doctorneira.cl\/index.php?rest_route=\/wp\/v2\/pages\/9"}],"wp:attachment":[{"href":"https:\/\/doctorneira.cl\/index.php?rest_route=%2Fwp%2Fv2%2Fmedia&parent=77"}],"curies":[{"name":"wp","href":"https:\/\/api.w.org\/{rel}","templated":true}]}}