{"id":71,"date":"2014-09-14T04:19:07","date_gmt":"2014-09-14T04:19:07","guid":{"rendered":"http:\/\/doctorneira.cl\/?page_id=71"},"modified":"2014-09-14T04:19:16","modified_gmt":"2014-09-14T04:19:16","slug":"rehabilitacion-oral","status":"publish","type":"page","link":"https:\/\/doctorneira.cl\/?page_id=71","title":{"rendered":"Rehabilitacion Oral"},"content":{"rendered":"<p style=\"color: #000000;\"><span class=\"font_8\" style=\"color: #717070;\"><span class=\"bold\">La rehabilitaci\u00f3n oral es una especialidad dentro de la odontolog\u00eda que combina en forma integral las \u00e1reas de pr\u00f3tesis fija, pr\u00f3tesis removible, operatoria, oclusi\u00f3n e Implante dental, que realiza el diagn\u00f3stico y plan de tratamiento adecuado al paciente de alta complejidad que requiere recuperar su salud bucal a trav\u00e9s de las t\u00e9cnicas m\u00e1s modernas de rehabilitaci\u00f3n. A su vez, establece estrecha relaci\u00f3n con las dem\u00e1s disciplinas de la odontolog\u00eda, como periodoncia, endodoncia y ortodoncia.<\/span><\/span><\/p>\n<p style=\"color: #000000;\"><span class=\"font_8\" style=\"color: #717070;\"><span class=\"bold\"><span class=\"bold\"><br \/>\nMediante las t\u00e9cnicas actuales de odontolog\u00eda se cons<\/span>igue hacer dichas rehabilitaciones mediante pr\u00f3tesis fijas sobre dientes o Implantes dentales en m\u00e1s del 95% los pacientes, con lo que se evita la utilizaci\u00f3n de pr\u00f3tesis removibles que siempre son inc\u00f3modas y en muchos casos imposibles de soportar.<\/span><\/span><\/p>\n<p>Las pr\u00f3tesis reemplazan piezas dentales ausentes y pueden quitarse y volver a colocarse en la boca. Si bien a algunas personas les lleva cierto tiempo acostumbrarse a su uso y nunca la sienten exactamente como a la propia dentadura, las pr\u00f3tesis actuales tienen un aspecto muy natural y se toleran mejor que en el pasado.<\/p>\n<p>Hay rehabilitaciones en los dientes, sobre la enc\u00eda o sobre los implantes. Actualmente es muy utilizado en la rehabilitaci\u00f3n oral el material que se denomina zirconio.<\/p>\n<p style=\"color: #000000;\">Nuestros Servicios en Rehabilitaciones son:<\/p>\n<ul>\n<li>Rehabilitaciones en protesis fija (coronas y puentes).<\/li>\n<li>Rehabilitaciones en protesis removibles .<\/li>\n<li>Rehabilitaciones sobre implantes.<\/li>\n<\/ul>\n<p><a href=\"https:\/\/doctorneira.cl\/wp-content\/uploads\/2014\/08\/dentist.jpg\"><img loading=\"lazy\" class=\"alignnone size-column2-2\/3 wp-image-34\" src=\"https:\/\/doctorneira.cl\/wp-content\/uploads\/2014\/08\/dentist-480x320.jpg\" alt=\"dentist\" width=\"480\" height=\"320\" srcset=\"https:\/\/doctorneira.cl\/wp-content\/uploads\/2014\/08\/dentist-480x320.jpg 480w, https:\/\/doctorneira.cl\/wp-content\/uploads\/2014\/08\/dentist-960x640.jpg 960w, https:\/\/doctorneira.cl\/wp-content\/uploads\/2014\/08\/dentist-320x213.jpg 320w, https:\/\/doctorneira.cl\/wp-content\/uploads\/2014\/08\/dentist-240x160.jpg 240w\" sizes=\"(max-width: 480px) 100vw, 480px\" \/><\/a><\/p>\n","protected":false},"excerpt":{"rendered":"<p>La rehabilitaci\u00f3n oral es una especialidad dentro de la odontolog\u00eda que combina en forma integral las \u00e1reas de pr\u00f3tesis fija, pr\u00f3tesis removible, operatoria, oclusi\u00f3n e Implante dental, que realiza el diagn\u00f3stico y plan de tratamiento adecuado al paciente de alta complejidad que requiere recuperar su salud bucal a trav\u00e9s de las t\u00e9cnicas m\u00e1s modernas de<\/p>\n<p><a href=\"https:\/\/doctorneira.cl\/?page_id=71\" class=\"more-link themebutton\">Read More<\/a><\/p>\n","protected":false},"author":2,"featured_media":0,"parent":9,"menu_order":0,"comment_status":"closed","ping_status":"closed","template":"","meta":[],"_links":{"self":[{"href":"https:\/\/doctorneira.cl\/index.php?rest_route=\/wp\/v2\/pages\/71"}],"collection":[{"href":"https:\/\/doctorneira.cl\/index.php?rest_route=\/wp\/v2\/pages"}],"about":[{"href":"https:\/\/doctorneira.cl\/index.php?rest_route=\/wp\/v2\/types\/page"}],"author":[{"embeddable":true,"href":"https:\/\/doctorneira.cl\/index.php?rest_route=\/wp\/v2\/users\/2"}],"replies":[{"embeddable":true,"href":"https:\/\/doctorneira.cl\/index.php?rest_route=%2Fwp%2Fv2%2Fcomments&post=71"}],"version-history":[{"count":2,"href":"https:\/\/doctorneira.cl\/index.php?rest_route=\/wp\/v2\/pages\/71\/revisions"}],"predecessor-version":[{"id":73,"href":"https:\/\/doctorneira.cl\/index.php?rest_route=\/wp\/v2\/pages\/71\/revisions\/73"}],"up":[{"embeddable":true,"href":"https:\/\/doctorneira.cl\/index.php?rest_route=\/wp\/v2\/pages\/9"}],"wp:attachment":[{"href":"https:\/\/doctorneira.cl\/index.php?rest_route=%2Fwp%2Fv2%2Fmedia&parent=71"}],"curies":[{"name":"wp","href":"https:\/\/api.w.org\/{rel}","templated":true}]}}