{"id":61,"date":"2014-09-14T04:04:43","date_gmt":"2014-09-14T04:04:43","guid":{"rendered":"http:\/\/doctorneira.cl\/?page_id=61"},"modified":"2014-09-14T04:05:42","modified_gmt":"2014-09-14T04:05:42","slug":"endodoncia","status":"publish","type":"page","link":"https:\/\/doctorneira.cl\/?page_id=61","title":{"rendered":"Endodoncia"},"content":{"rendered":"<p style=\"color: #000000;\"><span class=\"font_8\" style=\"color: #717070;\">Es el tratamiento que consiste en la extracci\u00f3n de la pulpa del diente, un tejido peque\u00f1o en forma de hebra, que se encuentra en el centro del conducto del diente. Una vez que la pulpa muerta, se enferma o es da\u00f1ada, se extrae; el espacio que queda se limpia, se vuelve a dar forma y se rellena. Este procedimiento sella el conducto radicular. A\u00f1os atr\u00e1s, los dientes con pulpas da\u00f1adas o enfermas se extra\u00edan. En la actualidad, el tratamiento de conducto salva dientes que de otro modo se hubieran perdido.<\/span><\/p>\n<p style=\"color: #000000;\"><span class=\"font_8\" style=\"color: #717070;\">Las causas m\u00e1s comunes de da\u00f1os o muerte de la pulpa son:<\/span><\/p>\n<p style=\"color: #000000;\"><span class=\"font_8\" style=\"color: #717070;\">Dientes fracturados<br \/>\nCaries profundas<br \/>\nLesiones, como golpes severos en la ra\u00edz (recientes o pasados)<\/span><\/p>\n<p style=\"color: #000000;\"><span class=\"font_8\" style=\"color: #717070;\">Una vez que la pulpa est\u00e1 infectada o muerta; si no se trata, se crea un dep\u00f3sito de pus en la punta de la ra\u00edz y se forma un absceso por infecci\u00f3n. Un absceso puede destruir el hueso circundante al diente y provocar dolor.<\/span><\/p>\n<p style=\"color: #000000;\"><a href=\"https:\/\/doctorneira.cl\/wp-content\/uploads\/2014\/08\/que-es-la-endodoncia.jpg\"><img loading=\"lazy\" class=\"alignnone size-full wp-image-59\" src=\"https:\/\/doctorneira.cl\/wp-content\/uploads\/2014\/08\/que-es-la-endodoncia.jpg\" alt=\"que-es-la-endodoncia\" width=\"263\" height=\"350\" srcset=\"https:\/\/doctorneira.cl\/wp-content\/uploads\/2014\/08\/que-es-la-endodoncia.jpg 263w, https:\/\/doctorneira.cl\/wp-content\/uploads\/2014\/08\/que-es-la-endodoncia-225x300.jpg 225w\" sizes=\"(max-width: 263px) 100vw, 263px\" \/><\/a><\/p>\n","protected":false},"excerpt":{"rendered":"<p>Es el tratamiento que consiste en la extracci\u00f3n de la pulpa del diente, un tejido peque\u00f1o en forma de hebra, que se encuentra en el centro del conducto del diente. Una vez que la pulpa muerta, se enferma o es da\u00f1ada, se extrae; el espacio que queda se limpia, se vuelve a dar forma y<\/p>\n<p><a href=\"https:\/\/doctorneira.cl\/?page_id=61\" class=\"more-link themebutton\">Read More<\/a><\/p>\n","protected":false},"author":2,"featured_media":0,"parent":9,"menu_order":0,"comment_status":"closed","ping_status":"closed","template":"","meta":[],"_links":{"self":[{"href":"https:\/\/doctorneira.cl\/index.php?rest_route=\/wp\/v2\/pages\/61"}],"collection":[{"href":"https:\/\/doctorneira.cl\/index.php?rest_route=\/wp\/v2\/pages"}],"about":[{"href":"https:\/\/doctorneira.cl\/index.php?rest_route=\/wp\/v2\/types\/page"}],"author":[{"embeddable":true,"href":"https:\/\/doctorneira.cl\/index.php?rest_route=\/wp\/v2\/users\/2"}],"replies":[{"embeddable":true,"href":"https:\/\/doctorneira.cl\/index.php?rest_route=%2Fwp%2Fv2%2Fcomments&post=61"}],"version-history":[{"count":2,"href":"https:\/\/doctorneira.cl\/index.php?rest_route=\/wp\/v2\/pages\/61\/revisions"}],"predecessor-version":[{"id":63,"href":"https:\/\/doctorneira.cl\/index.php?rest_route=\/wp\/v2\/pages\/61\/revisions\/63"}],"up":[{"embeddable":true,"href":"https:\/\/doctorneira.cl\/index.php?rest_route=\/wp\/v2\/pages\/9"}],"wp:attachment":[{"href":"https:\/\/doctorneira.cl\/index.php?rest_route=%2Fwp%2Fv2%2Fmedia&parent=61"}],"curies":[{"name":"wp","href":"https:\/\/api.w.org\/{rel}","templated":true}]}}