{"id":14,"date":"2014-08-19T03:40:07","date_gmt":"2014-08-19T03:40:07","guid":{"rendered":"http:\/\/doctorneira.cl\/?page_id=14"},"modified":"2014-09-14T03:58:32","modified_gmt":"2014-09-14T03:58:32","slug":"planes","status":"publish","type":"page","link":"https:\/\/doctorneira.cl\/?page_id=14","title":{"rendered":"Odontolog\u00eda General"},"content":{"rendered":"<p>Tambi\u00e9n llamada operatoria dental, Es qui\u00e9n se ocupa de la restauraci\u00f3n del tejido del diente afectado por caries, fracturas o desgastes. Con materiales adhesivos amalgamas y resinas.<\/p>\n<p style=\"color: #000000;\"><span class=\"font_7\" style=\"color: #717070;\">Las caries son producidas por los \u00e1cidos provenientes de las bacterias existentes en la boca. Estos se potencian con algunos alimentos\u00a0 como el az\u00facar, y pueden destruir el esmalte de los dientes lo que permite la penetraci\u00f3n de las bacterias, que con el paso del tiempo generan una cavidad en la estructura del diente.LAS CARIES.<\/span><\/p>\n<p style=\"color: #000000;\"><a href=\"https:\/\/doctorneira.cl\/wp-content\/uploads\/2014\/08\/generaldentistry.jpg\"><img loading=\"lazy\" class=\"alignnone size-column2-2\/3 wp-image-52\" src=\"https:\/\/doctorneira.cl\/wp-content\/uploads\/2014\/08\/generaldentistry-480x320.jpg\" alt=\"generaldentistry\" width=\"480\" height=\"320\" srcset=\"https:\/\/doctorneira.cl\/wp-content\/uploads\/2014\/08\/generaldentistry-480x320.jpg 480w, https:\/\/doctorneira.cl\/wp-content\/uploads\/2014\/08\/generaldentistry-300x199.jpg 300w, https:\/\/doctorneira.cl\/wp-content\/uploads\/2014\/08\/generaldentistry-320x213.jpg 320w, https:\/\/doctorneira.cl\/wp-content\/uploads\/2014\/08\/generaldentistry-240x160.jpg 240w, https:\/\/doctorneira.cl\/wp-content\/uploads\/2014\/08\/generaldentistry.jpg 682w\" sizes=\"(max-width: 480px) 100vw, 480px\" \/><\/a><\/p>\n","protected":false},"excerpt":{"rendered":"<p>Tambi\u00e9n llamada operatoria dental, Es qui\u00e9n se ocupa de la restauraci\u00f3n del tejido del diente afectado por caries, fracturas o desgastes. Con materiales adhesivos amalgamas y resinas. Las caries son producidas por los \u00e1cidos provenientes de las bacterias existentes en la boca. Estos se potencian con algunos alimentos\u00a0 como el az\u00facar, y pueden destruir el<\/p>\n<p><a href=\"https:\/\/doctorneira.cl\/?page_id=14\" class=\"more-link themebutton\">Read More<\/a><\/p>\n","protected":false},"author":2,"featured_media":0,"parent":9,"menu_order":0,"comment_status":"closed","ping_status":"closed","template":"","meta":[],"_links":{"self":[{"href":"https:\/\/doctorneira.cl\/index.php?rest_route=\/wp\/v2\/pages\/14"}],"collection":[{"href":"https:\/\/doctorneira.cl\/index.php?rest_route=\/wp\/v2\/pages"}],"about":[{"href":"https:\/\/doctorneira.cl\/index.php?rest_route=\/wp\/v2\/types\/page"}],"author":[{"embeddable":true,"href":"https:\/\/doctorneira.cl\/index.php?rest_route=\/wp\/v2\/users\/2"}],"replies":[{"embeddable":true,"href":"https:\/\/doctorneira.cl\/index.php?rest_route=%2Fwp%2Fv2%2Fcomments&post=14"}],"version-history":[{"count":4,"href":"https:\/\/doctorneira.cl\/index.php?rest_route=\/wp\/v2\/pages\/14\/revisions"}],"predecessor-version":[{"id":58,"href":"https:\/\/doctorneira.cl\/index.php?rest_route=\/wp\/v2\/pages\/14\/revisions\/58"}],"up":[{"embeddable":true,"href":"https:\/\/doctorneira.cl\/index.php?rest_route=\/wp\/v2\/pages\/9"}],"wp:attachment":[{"href":"https:\/\/doctorneira.cl\/index.php?rest_route=%2Fwp%2Fv2%2Fmedia&parent=14"}],"curies":[{"name":"wp","href":"https:\/\/api.w.org\/{rel}","templated":true}]}}